{"id":3,"date":"2021-09-06T17:46:58","date_gmt":"2021-09-06T17:46:58","guid":{"rendered":"http:\/\/avaniaesthetic.com\/?page_id=3"},"modified":"2021-09-15T18:56:58","modified_gmt":"2021-09-15T18:56:58","slug":"politica-privacidad","status":"publish","type":"page","link":"https:\/\/avaniaesthetic.com\/index.php\/politica-privacidad\/","title":{"rendered":"Pol\u00edtica de privacidad"},"content":{"rendered":"\n<p><strong><br>AVISO DE PRIVACIDAD<\/strong><\/p>\n\n\n\n<p><strong>Avani Aesthetic<\/strong>, en cumplimiento a lo que establece la Ley Federal de protecci\u00f3n de datos personales en posesi\u00f3n de los particulares hace del conocimiento que \u00fanicamente recaba datos personales de sus clientes y\/o lectores, siendo la \u00fanica responsable de su tratamiento y manifestando que se compromete a respetar la privacidad de los datos en posesi\u00f3n, motivo por el cual informa que:<\/p>\n\n\n\n<p>Su domicilio para o\u00edr y recibir notificaciones es el de\u00a0<em>Ignacio L\u00f3pez Ray\u00f3n 1312, Universidad, 50130, Toluca de Lerdo, M\u00e9xico.<\/em><\/p>\n\n\n\n<p><strong>Avani Aesthetic,<\/strong>\u00a0recaba los datos personales relacionados con el nombre, tel\u00e9fono y correo electr\u00f3nico \u00fanicamente si se solicita informaci\u00f3n acerca de alguno de nuestros servicios; \u00e9stos datos se utilizan exclusivamente para fines de prestaci\u00f3n del servicio que brindamos, as\u00ed como fines publicitarios.<\/p>\n\n\n\n<p><strong>Avani Aesthetic<\/strong>, manifiesta que sus datos no ser\u00e1n entregados a ninguna otra persona f\u00edsica o moral, motivo por el cual sus datos \u00fanicamente ser\u00e1n tratados por\u00a0<strong>Avani Aesthetic,\u00a0<\/strong>sus directivos o empleados.<\/p>\n\n\n\n<p>Los mecanismos que utiliza\u00a0<strong>Avani Aesthetic<\/strong>\u00a0para recabar los datos personales son:<\/p>\n\n\n\n<p>A) De manera personal y directa.<\/p>\n\n\n\n<p>B) A trav\u00e9s de nuestro sitio de internet.<\/p>\n\n\n\n<p>C) A trav\u00e9s de nuestras redes sociales.<\/p>\n\n\n\n<p>Las excepciones para la restricci\u00f3n de sus datos personales son:<\/p>\n\n\n\n<p>1) Exista requerimiento de la autoridad<\/p>\n\n\n\n<p>2) Los que consten en fuentes de acceso p\u00fablico.<\/p>\n\n\n\n<p>Solicitamos revisar las pol\u00edticas de privacidad de los enlaces a sitios de terceros ajenos que aparezcan en nuestro sitio web, ya que\u00a0<strong>Avani Aesthetic<\/strong>\u00a0no mantiene ninguna relaci\u00f3n con los titulares de los mismos.<\/p>\n\n\n\n<p>El presente Aviso de Privacidad podr\u00e1 ser modificado en cualquier momento y nos comprometemos a publicar las modificaciones de forma inmediata en nuestras oficinas, sitios web o medios impresos.<\/p>\n\n\n\n<h2 class=\"wp-block-heading\">Cookies<\/h2>\n\n\n\n<p>Si dejas un comentario o al llenar el formulario en nuestro sitio puedes elegir guardar tu nombre, direcci\u00f3n de correo electr\u00f3nico y web en cookies. Esto es para tu comodidad, para que no tengas que volver a rellenar tus datos cuando dejes otro comentario. Estas cookies tendr\u00e1n una duraci\u00f3n de un a\u00f1o.<\/p>\n","protected":false},"excerpt":{"rendered":"<p>AVISO DE PRIVACIDAD Avani Aesthetic, en cumplimiento a lo que establece la Ley Federal de protecci\u00f3n de datos personales en posesi\u00f3n de los particulares hace del conocimiento que \u00fanicamente recaba datos personales de sus clientes y\/o lectores, siendo la \u00fanica responsable de su tratamiento y manifestando que se compromete a respetar la privacidad de los &hellip;<\/p>\n<p class=\"read-more\"> <a class=\"\" href=\"https:\/\/avaniaesthetic.com\/index.php\/politica-privacidad\/\"> <span class=\"screen-reader-text\">Pol\u00edtica de privacidad<\/span> Leer m\u00e1s &raquo;<\/a><\/p>\n","protected":false},"author":1,"featured_media":0,"parent":0,"menu_order":0,"comment_status":"closed","ping_status":"open","template":"","meta":{"_monsterinsights_skip_tracking":false,"_monsterinsights_sitenote_active":false,"_monsterinsights_sitenote_note":"","_monsterinsights_sitenote_category":0,"site-sidebar-layout":"default","site-content-layout":"default","ast-global-header-display":"","ast-main-header-display":"","ast-hfb-above-header-display":"","ast-hfb-below-header-display":"","ast-hfb-mobile-header-display":"","site-post-title":"","ast-breadcrumbs-content":"","ast-featured-img":"","footer-sml-layout":"","theme-transparent-header-meta":"default","adv-header-id-meta":"","stick-header-meta":"","header-above-stick-meta":"","header-main-stick-meta":"","header-below-stick-meta":"","footnotes":""},"class_list":["post-3","page","type-page","status-publish","hentry"],"aioseo_notices":[],"_links":{"self":[{"href":"https:\/\/avaniaesthetic.com\/index.php\/wp-json\/wp\/v2\/pages\/3","targetHints":{"allow":["GET"]}}],"collection":[{"href":"https:\/\/avaniaesthetic.com\/index.php\/wp-json\/wp\/v2\/pages"}],"about":[{"href":"https:\/\/avaniaesthetic.com\/index.php\/wp-json\/wp\/v2\/types\/page"}],"author":[{"embeddable":true,"href":"https:\/\/avaniaesthetic.com\/index.php\/wp-json\/wp\/v2\/users\/1"}],"replies":[{"embeddable":true,"href":"https:\/\/avaniaesthetic.com\/index.php\/wp-json\/wp\/v2\/comments?post=3"}],"version-history":[{"count":1,"href":"https:\/\/avaniaesthetic.com\/index.php\/wp-json\/wp\/v2\/pages\/3\/revisions"}],"predecessor-version":[{"id":228,"href":"https:\/\/avaniaesthetic.com\/index.php\/wp-json\/wp\/v2\/pages\/3\/revisions\/228"}],"wp:attachment":[{"href":"https:\/\/avaniaesthetic.com\/index.php\/wp-json\/wp\/v2\/media?parent=3"}],"curies":[{"name":"wp","href":"https:\/\/api.w.org\/{rel}","templated":true}]}}